{"id":574,"date":"2015-03-06T10:37:13","date_gmt":"2015-03-06T09:37:13","guid":{"rendered":"http:\/\/www.fotoneut.nl\/wp\/?page_id=574"},"modified":"2017-04-27T11:37:35","modified_gmt":"2017-04-27T10:37:35","slug":"oog-in-oog-met-de-watertrapper","status":"publish","type":"page","link":"https:\/\/fotoneut.nl\/wp\/?page_id=574","title":{"rendered":"Oog in oog met de watertrapper in Gambia"},"content":{"rendered":"<p>De meeste mensen zullen nog nooit hebben gehoord van de watertrapper. Dat is niet vreemd, want het is een vogel met een teruggetrokken leefwijze. Bij vogelaars staat de watertrapper of African finfoot hoog op het verlanglijstje. Iedere serieuze vogelaar probeert deze vogel aan zijn of haar &#8216;life-list&#8217; toe te voegen. Tijdens een vaartocht over de Gambia zit ik oog in oog met deze mystieke mangrovebewoner.<\/p>\n<p><b>Mangroven<br \/>\n<\/b>Bij Tendaba, een dorp in Oost-Gambia, stappen we in een platte, open schuit en kort daarna varen we in een vliegende vaart over de brede, hard stromende Gambia rivier. \u00a0Kleine pelikanen vliegen met\u00a0ons mee. Dan verlaten we de rivier en varen een oneindig meanderende kreek in. In deze geulen schuurt het getij heen en weer. Het water zakt en grillig gevormde oevers vallen droog. De lange, nauwe kreken zijn omzoomd door mangroven, die zich kenmerken door een ongekende\u00a0biodiversiteit. Dankzij\u00a0de beschutting is het vaak een kraamkamer voor vissen en vogels. Mangroven groeien uitstekend op zoute slikgronden. Mangrove komt alleen voor in tropische gebieden met getijdenwerking, met warm zeewater en een niet te sterke golfslag. In deze kreken wemelt het van de malechiet- en bonte ijsvogels. Ook zien we meerdere<\/p>\n<figure id=\"attachment_566\" aria-describedby=\"caption-attachment-566\" style=\"width: 474px\" class=\"wp-caption alignleft\"><img loading=\"lazy\" decoding=\"async\" class=\"wp-image-566 size-large\" src=\"https:\/\/fotoneut.nl\/wp\/wp-content\/uploads\/2015\/03\/finfoot_website-1024x681.jpg\" alt=\"Plotseling verschijnt er een African finfoot naast de boot. (foto: Jacques van der Neut)\" width=\"474\" height=\"315\" srcset=\"https:\/\/fotoneut.nl\/wp\/wp-content\/uploads\/2015\/03\/finfoot_website-1024x681.jpg 1024w, https:\/\/fotoneut.nl\/wp\/wp-content\/uploads\/2015\/03\/finfoot_website-300x200.jpg 300w, https:\/\/fotoneut.nl\/wp\/wp-content\/uploads\/2015\/03\/finfoot_website.jpg 1278w\" sizes=\"auto, (max-width: 474px) 100vw, 474px\" \/><figcaption id=\"caption-attachment-566\" class=\"wp-caption-text\">Plotseling verschijnt er een African finfoot naast de boot. (foto: Jacques van der Neut)<\/figcaption><\/figure>\n<p>slangenhalsvogels en hamerkoppen. Dan nemen we een flauwe bocht en plotseling zwemt er naast onze schuit een watertrapper (Podica senegalensis). De vogel heeft geen haast en zwemt langs de drooggevallen luchtwortels van het ons omringende mangrovebos. Wat een buitenkansje! Soms verlaat de vogel de dekking en zwemt hij middenin de kreek. Watertrappers leven van ongewervelden, libellen, schaaldieren, slakken, vissen en amfibie\u00ebn. De vogel maakt met zijn snavel een flitsende beweging en in\u00e9\u00e9ns heeft hij een slijkspringer te pakken. Het onfortuinlijke beestje spartelt en zet zijn vinnen uit, waarbij de waterdruppels in het rond vliegen. Dan loopt de watertrapper een drooggevallen oever op en verdwijnt hij met zijn prooi in de snavel in de weelderige begroeiing. De status van de watertrapper wordt niet beschouwd als &#8216;bedreigd&#8217;, maar het rechttrekken van geulen en watervervuiling vormen een serieuze bedreiging.<\/p>\n<figure id=\"attachment_538\" aria-describedby=\"caption-attachment-538\" style=\"width: 504px\" class=\"wp-caption aligncenter\"><img loading=\"lazy\" decoding=\"async\" class=\"wp-image-538 \" src=\"https:\/\/fotoneut.nl\/wp\/wp-content\/uploads\/2015\/02\/africanfinfoot4-1024x693.jpg\" alt=\"De watertrapper loopt met de gevangen slijkspringer in zijn snavel de oever op en verdwijnt in de weelderige begroeiing. (foto: Jacques van der Neut)\" width=\"504\" height=\"341\" srcset=\"https:\/\/fotoneut.nl\/wp\/wp-content\/uploads\/2015\/02\/africanfinfoot4-1024x693.jpg 1024w, https:\/\/fotoneut.nl\/wp\/wp-content\/uploads\/2015\/02\/africanfinfoot4-300x203.jpg 300w, https:\/\/fotoneut.nl\/wp\/wp-content\/uploads\/2015\/02\/africanfinfoot4.jpg 1068w\" sizes=\"auto, (max-width: 504px) 100vw, 504px\" \/><figcaption id=\"caption-attachment-538\" class=\"wp-caption-text\">De watertrapper loopt met de gevangen slijkspringer in zijn snavel de oever op en verdwijnt in de weelderige begroeiing. (foto: Jacques van der Neut)<\/figcaption><\/figure>\n<p>&nbsp;<\/p>\n<p>&nbsp;<\/p>\n","protected":false},"excerpt":{"rendered":"<p>De meeste mensen zullen nog nooit hebben gehoord van de watertrapper. Dat is niet vreemd, want het is een vogel met een teruggetrokken leefwijze. Bij vogelaars staat de watertrapper of African finfoot hoog op het verlanglijstje. Iedere serieuze vogelaar probeert deze vogel aan zijn of haar &#8216;life-list&#8217; toe te voegen. Tijdens een vaartocht over de &hellip; <a href=\"https:\/\/fotoneut.nl\/wp\/?page_id=574\" class=\"more-link\">Lees verder <span class=\"screen-reader-text\">Oog in oog met de watertrapper in Gambia<\/span> <span class=\"meta-nav\">&rarr;<\/span><\/a><\/p>\n","protected":false},"author":1,"featured_media":0,"parent":523,"menu_order":0,"comment_status":"closed","ping_status":"closed","template":"","meta":{"footnotes":""},"class_list":["post-574","page","type-page","status-publish","hentry"],"_links":{"self":[{"href":"https:\/\/fotoneut.nl\/wp\/index.php?rest_route=\/wp\/v2\/pages\/574","targetHints":{"allow":["GET"]}}],"collection":[{"href":"https:\/\/fotoneut.nl\/wp\/index.php?rest_route=\/wp\/v2\/pages"}],"about":[{"href":"https:\/\/fotoneut.nl\/wp\/index.php?rest_route=\/wp\/v2\/types\/page"}],"author":[{"embeddable":true,"href":"https:\/\/fotoneut.nl\/wp\/index.php?rest_route=\/wp\/v2\/users\/1"}],"replies":[{"embeddable":true,"href":"https:\/\/fotoneut.nl\/wp\/index.php?rest_route=%2Fwp%2Fv2%2Fcomments&post=574"}],"version-history":[{"count":2,"href":"https:\/\/fotoneut.nl\/wp\/index.php?rest_route=\/wp\/v2\/pages\/574\/revisions"}],"predecessor-version":[{"id":1492,"href":"https:\/\/fotoneut.nl\/wp\/index.php?rest_route=\/wp\/v2\/pages\/574\/revisions\/1492"}],"up":[{"embeddable":true,"href":"https:\/\/fotoneut.nl\/wp\/index.php?rest_route=\/wp\/v2\/pages\/523"}],"wp:attachment":[{"href":"https:\/\/fotoneut.nl\/wp\/index.php?rest_route=%2Fwp%2Fv2%2Fmedia&parent=574"}],"curies":[{"name":"wp","href":"https:\/\/api.w.org\/{rel}","templated":true}]}}